{"id":280,"date":"2023-05-16T18:34:32","date_gmt":"2023-05-16T16:34:32","guid":{"rendered":"http:\/\/dxnmygj.cluster027.hosting.ovh.net\/?page_id=280"},"modified":"2025-11-27T10:05:19","modified_gmt":"2025-11-27T09:05:19","slug":"acheter-les-contes","status":"publish","type":"page","link":"https:\/\/lesyeuxsourires.com\/index.php\/acheter-les-contes\/","title":{"rendered":"Acheter les contes"},"content":{"rendered":"\t\t<div data-elementor-type=\"wp-page\" data-elementor-id=\"280\" class=\"elementor elementor-280\">\n\t\t\t\t\t\t\t\t\t<section class=\"elementor-section elementor-top-section elementor-element elementor-element-39dbdb2 elementor-section-height-min-height elementor-section-boxed elementor-section-height-default elementor-section-items-middle\" data-id=\"39dbdb2\" data-element_type=\"section\" data-settings=\"{&quot;background_background&quot;:&quot;classic&quot;}\">\n\t\t\t\t\t\t\t<div class=\"elementor-background-overlay\"><\/div>\n\t\t\t\t\t\t\t<div class=\"elementor-container elementor-column-gap-default\">\n\t\t\t\t\t<div class=\"elementor-column elementor-col-100 elementor-top-column elementor-element elementor-element-451e2cb elementor-invisible\" data-id=\"451e2cb\" data-element_type=\"column\" data-settings=\"{&quot;background_background&quot;:&quot;classic&quot;,&quot;animation&quot;:&quot;fadeInLeft&quot;}\">\n\t\t\t<div class=\"elementor-widget-wrap elementor-element-populated\">\n\t\t\t\t\t\t\t\t<div class=\"elementor-element elementor-element-f853709 elementor-invisible elementor-widget elementor-widget-heading\" data-id=\"f853709\" data-element_type=\"widget\" data-settings=\"{&quot;_animation&quot;:&quot;fadeInLeft&quot;}\" data-widget_type=\"heading.default\">\n\t\t\t\t<div class=\"elementor-widget-container\">\n\t\t\t<style>\/*! elementor - v3.12.1 - 02-04-2023 *\/\n.elementor-heading-title{padding:0;margin:0;line-height:1}.elementor-widget-heading .elementor-heading-title[class*=elementor-size-]>a{color:inherit;font-size:inherit;line-height:inherit}.elementor-widget-heading .elementor-heading-title.elementor-size-small{font-size:15px}.elementor-widget-heading .elementor-heading-title.elementor-size-medium{font-size:19px}.elementor-widget-heading .elementor-heading-title.elementor-size-large{font-size:29px}.elementor-widget-heading .elementor-heading-title.elementor-size-xl{font-size:39px}.elementor-widget-heading .elementor-heading-title.elementor-size-xxl{font-size:59px}<\/style><h1 class=\"elementor-heading-title elementor-size-default\">Acheter les contes<\/h1>\t\t<\/div>\n\t\t\t\t<\/div>\n\t\t\t\t<div class=\"elementor-element elementor-element-d0daa64 elementor-widget elementor-widget-text-editor\" data-id=\"d0daa64\" data-element_type=\"widget\" data-widget_type=\"text-editor.default\">\n\t\t\t\t<div class=\"elementor-widget-container\">\n\t\t\t<style>\/*! elementor - v3.12.1 - 02-04-2023 *\/\n.elementor-widget-text-editor.elementor-drop-cap-view-stacked .elementor-drop-cap{background-color:#69727d;color:#fff}.elementor-widget-text-editor.elementor-drop-cap-view-framed .elementor-drop-cap{color:#69727d;border:3px solid;background-color:transparent}.elementor-widget-text-editor:not(.elementor-drop-cap-view-default) .elementor-drop-cap{margin-top:8px}.elementor-widget-text-editor:not(.elementor-drop-cap-view-default) .elementor-drop-cap-letter{width:1em;height:1em}.elementor-widget-text-editor .elementor-drop-cap{float:left;text-align:center;line-height:1;font-size:50px}.elementor-widget-text-editor .elementor-drop-cap-letter{display:inline-block}<\/style>\t\t\t\t<p>En contact direct &#8211; En librairie<\/p>\t\t\t\t\t\t<\/div>\n\t\t\t\t<\/div>\n\t\t\t\t\t<\/div>\n\t\t<\/div>\n\t\t\t\t\t\t\t<\/div>\n\t\t<\/section>\n\t\t\t\t<section class=\"elementor-section elementor-top-section elementor-element elementor-element-4c7fe12 elementor-section-boxed elementor-section-height-default elementor-section-height-default\" data-id=\"4c7fe12\" data-element_type=\"section\">\n\t\t\t\t\t\t<div class=\"elementor-container elementor-column-gap-default\">\n\t\t\t\t\t<div class=\"elementor-column elementor-col-100 elementor-top-column elementor-element elementor-element-5b1d92c\" data-id=\"5b1d92c\" data-element_type=\"column\">\n\t\t\t<div class=\"elementor-widget-wrap elementor-element-populated\">\n\t\t\t\t\t\t\t\t<div class=\"elementor-element elementor-element-51b906f elementor-widget elementor-widget-spacer\" data-id=\"51b906f\" data-element_type=\"widget\" data-widget_type=\"spacer.default\">\n\t\t\t\t<div class=\"elementor-widget-container\">\n\t\t\t<style>\/*! elementor - v3.12.1 - 02-04-2023 *\/\n.elementor-column .elementor-spacer-inner{height:var(--spacer-size)}.e-con{--container-widget-width:100%}.e-con-inner>.elementor-widget-spacer,.e-con>.elementor-widget-spacer{width:var(--container-widget-width,var(--spacer-size));--align-self:var(--container-widget-align-self,initial);--flex-shrink:0}.e-con-inner>.elementor-widget-spacer>.elementor-widget-container,.e-con-inner>.elementor-widget-spacer>.elementor-widget-container>.elementor-spacer,.e-con>.elementor-widget-spacer>.elementor-widget-container,.e-con>.elementor-widget-spacer>.elementor-widget-container>.elementor-spacer{height:100%}.e-con-inner>.elementor-widget-spacer>.elementor-widget-container>.elementor-spacer>.elementor-spacer-inner,.e-con>.elementor-widget-spacer>.elementor-widget-container>.elementor-spacer>.elementor-spacer-inner{height:var(--container-widget-height,var(--spacer-size))}<\/style>\t\t<div class=\"elementor-spacer\">\n\t\t\t<div class=\"elementor-spacer-inner\"><\/div>\n\t\t<\/div>\n\t\t\t\t<\/div>\n\t\t\t\t<\/div>\n\t\t\t\t\t<\/div>\n\t\t<\/div>\n\t\t\t\t\t\t\t<\/div>\n\t\t<\/section>\n\t\t\t\t<section class=\"elementor-section elementor-top-section elementor-element elementor-element-5afe2bb elementor-section-boxed elementor-section-height-default elementor-section-height-default elementor-invisible\" data-id=\"5afe2bb\" data-element_type=\"section\" data-settings=\"{&quot;animation&quot;:&quot;fadeIn&quot;}\">\n\t\t\t\t\t\t<div class=\"elementor-container elementor-column-gap-default\">\n\t\t\t\t\t<div class=\"elementor-column elementor-col-100 elementor-top-column elementor-element elementor-element-0b8b8ed\" data-id=\"0b8b8ed\" data-element_type=\"column\">\n\t\t\t<div class=\"elementor-widget-wrap elementor-element-populated\">\n\t\t\t\t\t\t\t\t<section class=\"elementor-section elementor-inner-section elementor-element elementor-element-d451287 elementor-section-boxed elementor-section-height-default elementor-section-height-default\" data-id=\"d451287\" data-element_type=\"section\">\n\t\t\t\t\t\t<div class=\"elementor-container elementor-column-gap-default\">\n\t\t\t\t\t<div class=\"elementor-column elementor-col-50 elementor-inner-column elementor-element elementor-element-343127a\" data-id=\"343127a\" data-element_type=\"column\">\n\t\t\t<div class=\"elementor-widget-wrap elementor-element-populated\">\n\t\t\t\t\t\t\t\t<div class=\"elementor-element elementor-element-5558d74 elementor-view-default elementor-invisible elementor-widget elementor-widget-icon\" data-id=\"5558d74\" data-element_type=\"widget\" data-settings=\"{&quot;_animation&quot;:&quot;tada&quot;}\" data-widget_type=\"icon.default\">\n\t\t\t\t<div class=\"elementor-widget-container\">\n\t\t\t\t\t<div class=\"elementor-icon-wrapper\">\n\t\t\t<div class=\"elementor-icon\">\n\t\t\t<i aria-hidden=\"true\" class=\"fas fa-phone\"><\/i>\t\t\t<\/div>\n\t\t<\/div>\n\t\t\t\t<\/div>\n\t\t\t\t<\/div>\n\t\t\t\t<div class=\"elementor-element elementor-element-8ee4728 elementor-widget elementor-widget-text-editor\" data-id=\"8ee4728\" data-element_type=\"widget\" data-widget_type=\"text-editor.default\">\n\t\t\t\t<div class=\"elementor-widget-container\">\n\t\t\t\t\t\t\t<p>Sur simple demande par <strong>t\u00e9l\u00e9phone<\/strong> ou par <strong>mail.<\/strong><\/p><p>06 43 35 58 18 \/ natacha.caille@wanadoo.fr<\/p><p><em>Si l&rsquo;envoi se fait par la Poste, veuillez compter des frais de port en suppl\u00e9ment.<\/em><\/p>\t\t\t\t\t\t<\/div>\n\t\t\t\t<\/div>\n\t\t\t\t\t<\/div>\n\t\t<\/div>\n\t\t\t\t<div class=\"elementor-column elementor-col-50 elementor-inner-column elementor-element elementor-element-a44b7fe\" data-id=\"a44b7fe\" data-element_type=\"column\">\n\t\t\t<div class=\"elementor-widget-wrap elementor-element-populated\">\n\t\t\t\t\t\t\t\t<div class=\"elementor-element elementor-element-3bec1ef elementor-widget elementor-widget-text-editor\" data-id=\"3bec1ef\" data-element_type=\"widget\" data-widget_type=\"text-editor.default\">\n\t\t\t\t<div class=\"elementor-widget-container\">\n\t\t\t\t\t\t\t\t\t\t\t\t\t<\/div>\n\t\t\t\t<\/div>\n\t\t\t\t<div class=\"elementor-element elementor-element-29116bc elementor-view-default elementor-invisible elementor-widget elementor-widget-icon\" data-id=\"29116bc\" data-element_type=\"widget\" data-settings=\"{&quot;_animation&quot;:&quot;tada&quot;}\" data-widget_type=\"icon.default\">\n\t\t\t\t<div class=\"elementor-widget-container\">\n\t\t\t\t\t<div class=\"elementor-icon-wrapper\">\n\t\t\t<div class=\"elementor-icon\">\n\t\t\t<i aria-hidden=\"true\" class=\"fas fa-book-open\"><\/i>\t\t\t<\/div>\n\t\t<\/div>\n\t\t\t\t<\/div>\n\t\t\t\t<\/div>\n\t\t\t\t<div class=\"elementor-element elementor-element-05a643e elementor-widget elementor-widget-text-editor\" data-id=\"05a643e\" data-element_type=\"widget\" data-widget_type=\"text-editor.default\">\n\t\t\t\t<div class=\"elementor-widget-container\">\n\t\t\t\t\t\t\t<p>\u00c0 la librairie <strong>Agora<\/strong><\/p><p>11 rue Georges CLEMENCEAU<\/p><p>85 000 La Roche-sur-Yon<\/p>\t\t\t\t\t\t<\/div>\n\t\t\t\t<\/div>\n\t\t\t\t\t<\/div>\n\t\t<\/div>\n\t\t\t\t\t\t\t<\/div>\n\t\t<\/section>\n\t\t\t\t\t<\/div>\n\t\t<\/div>\n\t\t\t\t\t\t\t<\/div>\n\t\t<\/section>\n\t\t\t\t<section class=\"elementor-section elementor-top-section elementor-element elementor-element-002907f elementor-section-boxed elementor-section-height-default elementor-section-height-default elementor-invisible\" data-id=\"002907f\" data-element_type=\"section\" data-settings=\"{&quot;animation&quot;:&quot;fadeIn&quot;}\">\n\t\t\t\t\t\t<div class=\"elementor-container elementor-column-gap-default\">\n\t\t\t\t\t<div class=\"elementor-column elementor-col-33 elementor-top-column elementor-element elementor-element-c1f92cf\" data-id=\"c1f92cf\" data-element_type=\"column\">\n\t\t\t<div class=\"elementor-widget-wrap\">\n\t\t\t\t\t\t\t\t\t<\/div>\n\t\t<\/div>\n\t\t\t\t<div class=\"elementor-column elementor-col-33 elementor-top-column elementor-element elementor-element-160f6ee\" data-id=\"160f6ee\" data-element_type=\"column\">\n\t\t\t<div class=\"elementor-widget-wrap elementor-element-populated\">\n\t\t\t\t\t\t\t\t<div class=\"elementor-element elementor-element-fc90470 elementor-widget elementor-widget-text-editor\" data-id=\"fc90470\" data-element_type=\"widget\" data-widget_type=\"text-editor.default\">\n\t\t\t\t<div class=\"elementor-widget-container\">\n\t\t\t\t\t\t\t\t\t\t\t\t\t<\/div>\n\t\t\t\t<\/div>\n\t\t\t\t\t<\/div>\n\t\t<\/div>\n\t\t\t\t<div class=\"elementor-column elementor-col-33 elementor-top-column elementor-element elementor-element-ae41c28\" data-id=\"ae41c28\" data-element_type=\"column\">\n\t\t\t<div class=\"elementor-widget-wrap elementor-element-populated\">\n\t\t\t\t\t\t\t\t<div class=\"elementor-element elementor-element-49b5fa2 elementor-widget elementor-widget-text-editor\" data-id=\"49b5fa2\" data-element_type=\"widget\" data-widget_type=\"text-editor.default\">\n\t\t\t\t<div class=\"elementor-widget-container\">\n\t\t\t\t\t\t\t\t\t\t\t\t\t<\/div>\n\t\t\t\t<\/div>\n\t\t\t\t\t<\/div>\n\t\t<\/div>\n\t\t\t\t\t\t\t<\/div>\n\t\t<\/section>\n\t\t\t\t<section class=\"elementor-section elementor-top-section elementor-element elementor-element-abebaed elementor-section-boxed elementor-section-height-default elementor-section-height-default elementor-invisible\" data-id=\"abebaed\" data-element_type=\"section\" data-settings=\"{&quot;animation&quot;:&quot;fadeIn&quot;}\">\n\t\t\t\t\t\t<div class=\"elementor-container elementor-column-gap-default\">\n\t\t\t\t\t<div class=\"elementor-column elementor-col-100 elementor-top-column elementor-element elementor-element-9bde278\" data-id=\"9bde278\" data-element_type=\"column\">\n\t\t\t<div class=\"elementor-widget-wrap elementor-element-populated\">\n\t\t\t\t\t\t\t\t<div class=\"elementor-element elementor-element-b2dbe86 elementor-invisible elementor-widget elementor-widget-text-editor\" data-id=\"b2dbe86\" data-element_type=\"widget\" data-settings=\"{&quot;_animation&quot;:&quot;fadeIn&quot;}\" data-widget_type=\"text-editor.default\">\n\t\t\t\t<div class=\"elementor-widget-container\">\n\t\t\t\t\t\t\t<p><em><strong>Mes contes sont au tarif de 12\u20ac.<\/strong><\/em><\/p>\t\t\t\t\t\t<\/div>\n\t\t\t\t<\/div>\n\t\t\t\t\t<\/div>\n\t\t<\/div>\n\t\t\t\t\t\t\t<\/div>\n\t\t<\/section>\n\t\t\t\t<section class=\"elementor-section elementor-top-section elementor-element elementor-element-562b31e elementor-section-boxed elementor-section-height-default elementor-section-height-default\" data-id=\"562b31e\" data-element_type=\"section\">\n\t\t\t\t\t\t<div class=\"elementor-container elementor-column-gap-default\">\n\t\t\t\t\t<div class=\"elementor-column elementor-col-100 elementor-top-column elementor-element elementor-element-dfd6fc2\" data-id=\"dfd6fc2\" data-element_type=\"column\">\n\t\t\t<div class=\"elementor-widget-wrap elementor-element-populated\">\n\t\t\t\t\t\t\t\t<div class=\"elementor-element elementor-element-706d217 elementor-widget elementor-widget-spacer\" data-id=\"706d217\" data-element_type=\"widget\" data-widget_type=\"spacer.default\">\n\t\t\t\t<div class=\"elementor-widget-container\">\n\t\t\t\t\t<div class=\"elementor-spacer\">\n\t\t\t<div class=\"elementor-spacer-inner\"><\/div>\n\t\t<\/div>\n\t\t\t\t<\/div>\n\t\t\t\t<\/div>\n\t\t\t\t\t<\/div>\n\t\t<\/div>\n\t\t\t\t\t\t\t<\/div>\n\t\t<\/section>\n\t\t\t\t\t\t\t<\/div>\n\t\t","protected":false},"excerpt":{"rendered":"<p>Acheter les contes En contact direct &#8211; En librairie Sur simple demande par t\u00e9l\u00e9phone ou par mail. 06 43 35 58 18 \/ natacha.caille@wanadoo.fr Si l&rsquo;envoi se fait par la Poste, veuillez compter des frais de port en suppl\u00e9ment. \u00c0 la librairie Agora 11 rue Georges CLEMENCEAU 85 000 La Roche-sur-Yon Mes contes sont au &hellip;<\/p>\n<p class=\"read-more\"> <a class=\"\" href=\"https:\/\/lesyeuxsourires.com\/index.php\/acheter-les-contes\/\"> <span class=\"screen-reader-text\">Acheter les contes<\/span> Lire la suite\u00a0\u00bb<\/a><\/p>\n","protected":false},"author":2,"featured_media":0,"parent":0,"menu_order":0,"comment_status":"closed","ping_status":"closed","template":"","meta":{"site-sidebar-layout":"no-sidebar","site-content-layout":"page-builder","ast-global-header-display":"","ast-main-header-display":"","ast-hfb-above-header-display":"","ast-hfb-below-header-display":"","ast-hfb-mobile-header-display":"","site-post-title":"disabled","ast-breadcrumbs-content":"","ast-featured-img":"disabled","footer-sml-layout":"","theme-transparent-header-meta":"","adv-header-id-meta":"","stick-header-meta":"","header-above-stick-meta":"","header-main-stick-meta":"","header-below-stick-meta":"","footnotes":""},"class_list":["post-280","page","type-page","status-publish","hentry"],"yoast_head":"<!-- This site is optimized with the Yoast SEO plugin v20.9 - https:\/\/yoast.com\/wordpress\/plugins\/seo\/ -->\n<title>Acheter les contes - Les Yeux Sourires<\/title>\n<meta name=\"description\" content=\"D\u00e9couvrez les histoires de mes contes pour enfants. Ils sont disponibles \u00e0 la vente sur simple demande et en librairie \u00e0 La Roche-sur-Yon.\" \/>\n<meta name=\"robots\" content=\"index, follow, max-snippet:-1, max-image-preview:large, max-video-preview:-1\" \/>\n<link rel=\"canonical\" href=\"https:\/\/lesyeuxsourires.com\/index.php\/acheter-les-contes\/\" \/>\n<meta property=\"og:locale\" content=\"fr_FR\" \/>\n<meta property=\"og:type\" content=\"article\" \/>\n<meta property=\"og:title\" content=\"Acheter les contes - Les Yeux Sourires\" \/>\n<meta property=\"og:description\" content=\"D\u00e9couvrez les histoires de mes contes pour enfants. Ils sont disponibles \u00e0 la vente sur simple demande et en librairie \u00e0 La Roche-sur-Yon.\" \/>\n<meta property=\"og:url\" content=\"https:\/\/lesyeuxsourires.com\/index.php\/acheter-les-contes\/\" \/>\n<meta property=\"og:site_name\" content=\"Les Yeux Sourires\" \/>\n<meta property=\"article:modified_time\" content=\"2025-11-27T09:05:19+00:00\" \/>\n<meta name=\"twitter:card\" content=\"summary_large_image\" \/>\n<meta name=\"twitter:label1\" content=\"Dur\u00e9e de lecture estim\u00e9e\" \/>\n\t<meta name=\"twitter:data1\" content=\"1 minute\" \/>\n<script type=\"application\/ld+json\" class=\"yoast-schema-graph\">{\"@context\":\"https:\/\/schema.org\",\"@graph\":[{\"@type\":\"WebPage\",\"@id\":\"https:\/\/lesyeuxsourires.com\/index.php\/acheter-les-contes\/\",\"url\":\"https:\/\/lesyeuxsourires.com\/index.php\/acheter-les-contes\/\",\"name\":\"Acheter les contes - Les Yeux Sourires\",\"isPartOf\":{\"@id\":\"https:\/\/lesyeuxsourires.com\/#website\"},\"datePublished\":\"2023-05-16T16:34:32+00:00\",\"dateModified\":\"2025-11-27T09:05:19+00:00\",\"description\":\"D\u00e9couvrez les histoires de mes contes pour enfants. Ils sont disponibles \u00e0 la vente sur simple demande et en librairie \u00e0 La Roche-sur-Yon.\",\"breadcrumb\":{\"@id\":\"https:\/\/lesyeuxsourires.com\/index.php\/acheter-les-contes\/#breadcrumb\"},\"inLanguage\":\"fr-FR\",\"potentialAction\":[{\"@type\":\"ReadAction\",\"target\":[\"https:\/\/lesyeuxsourires.com\/index.php\/acheter-les-contes\/\"]}]},{\"@type\":\"BreadcrumbList\",\"@id\":\"https:\/\/lesyeuxsourires.com\/index.php\/acheter-les-contes\/#breadcrumb\",\"itemListElement\":[{\"@type\":\"ListItem\",\"position\":1,\"name\":\"Accueil\",\"item\":\"https:\/\/lesyeuxsourires.com\/\"},{\"@type\":\"ListItem\",\"position\":2,\"name\":\"Acheter les contes\"}]},{\"@type\":\"WebSite\",\"@id\":\"https:\/\/lesyeuxsourires.com\/#website\",\"url\":\"https:\/\/lesyeuxsourires.com\/\",\"name\":\"Les Yeux Sourires\",\"description\":\"Un site utilisant WordPress\",\"potentialAction\":[{\"@type\":\"SearchAction\",\"target\":{\"@type\":\"EntryPoint\",\"urlTemplate\":\"https:\/\/lesyeuxsourires.com\/?s={search_term_string}\"},\"query-input\":\"required name=search_term_string\"}],\"inLanguage\":\"fr-FR\"}]}<\/script>\n<!-- \/ Yoast SEO plugin. -->","yoast_head_json":{"title":"Acheter les contes - Les Yeux Sourires","description":"D\u00e9couvrez les histoires de mes contes pour enfants. Ils sont disponibles \u00e0 la vente sur simple demande et en librairie \u00e0 La Roche-sur-Yon.","robots":{"index":"index","follow":"follow","max-snippet":"max-snippet:-1","max-image-preview":"max-image-preview:large","max-video-preview":"max-video-preview:-1"},"canonical":"https:\/\/lesyeuxsourires.com\/index.php\/acheter-les-contes\/","og_locale":"fr_FR","og_type":"article","og_title":"Acheter les contes - Les Yeux Sourires","og_description":"D\u00e9couvrez les histoires de mes contes pour enfants. Ils sont disponibles \u00e0 la vente sur simple demande et en librairie \u00e0 La Roche-sur-Yon.","og_url":"https:\/\/lesyeuxsourires.com\/index.php\/acheter-les-contes\/","og_site_name":"Les Yeux Sourires","article_modified_time":"2025-11-27T09:05:19+00:00","twitter_card":"summary_large_image","twitter_misc":{"Dur\u00e9e de lecture estim\u00e9e":"1 minute"},"schema":{"@context":"https:\/\/schema.org","@graph":[{"@type":"WebPage","@id":"https:\/\/lesyeuxsourires.com\/index.php\/acheter-les-contes\/","url":"https:\/\/lesyeuxsourires.com\/index.php\/acheter-les-contes\/","name":"Acheter les contes - Les Yeux Sourires","isPartOf":{"@id":"https:\/\/lesyeuxsourires.com\/#website"},"datePublished":"2023-05-16T16:34:32+00:00","dateModified":"2025-11-27T09:05:19+00:00","description":"D\u00e9couvrez les histoires de mes contes pour enfants. Ils sont disponibles \u00e0 la vente sur simple demande et en librairie \u00e0 La Roche-sur-Yon.","breadcrumb":{"@id":"https:\/\/lesyeuxsourires.com\/index.php\/acheter-les-contes\/#breadcrumb"},"inLanguage":"fr-FR","potentialAction":[{"@type":"ReadAction","target":["https:\/\/lesyeuxsourires.com\/index.php\/acheter-les-contes\/"]}]},{"@type":"BreadcrumbList","@id":"https:\/\/lesyeuxsourires.com\/index.php\/acheter-les-contes\/#breadcrumb","itemListElement":[{"@type":"ListItem","position":1,"name":"Accueil","item":"https:\/\/lesyeuxsourires.com\/"},{"@type":"ListItem","position":2,"name":"Acheter les contes"}]},{"@type":"WebSite","@id":"https:\/\/lesyeuxsourires.com\/#website","url":"https:\/\/lesyeuxsourires.com\/","name":"Les Yeux Sourires","description":"Un site utilisant WordPress","potentialAction":[{"@type":"SearchAction","target":{"@type":"EntryPoint","urlTemplate":"https:\/\/lesyeuxsourires.com\/?s={search_term_string}"},"query-input":"required name=search_term_string"}],"inLanguage":"fr-FR"}]}},"_links":{"self":[{"href":"https:\/\/lesyeuxsourires.com\/index.php\/wp-json\/wp\/v2\/pages\/280","targetHints":{"allow":["GET"]}}],"collection":[{"href":"https:\/\/lesyeuxsourires.com\/index.php\/wp-json\/wp\/v2\/pages"}],"about":[{"href":"https:\/\/lesyeuxsourires.com\/index.php\/wp-json\/wp\/v2\/types\/page"}],"author":[{"embeddable":true,"href":"https:\/\/lesyeuxsourires.com\/index.php\/wp-json\/wp\/v2\/users\/2"}],"replies":[{"embeddable":true,"href":"https:\/\/lesyeuxsourires.com\/index.php\/wp-json\/wp\/v2\/comments?post=280"}],"version-history":[{"count":102,"href":"https:\/\/lesyeuxsourires.com\/index.php\/wp-json\/wp\/v2\/pages\/280\/revisions"}],"predecessor-version":[{"id":1937,"href":"https:\/\/lesyeuxsourires.com\/index.php\/wp-json\/wp\/v2\/pages\/280\/revisions\/1937"}],"wp:attachment":[{"href":"https:\/\/lesyeuxsourires.com\/index.php\/wp-json\/wp\/v2\/media?parent=280"}],"curies":[{"name":"wp","href":"https:\/\/api.w.org\/{rel}","templated":true}]}}